{"id":861,"date":"2021-09-08T06:39:58","date_gmt":"2021-09-08T04:39:58","guid":{"rendered":"http:\/\/svk78.de\/?page_id=861"},"modified":"2025-11-09T20:16:43","modified_gmt":"2025-11-09T19:16:43","slug":"darten","status":"publish","type":"page","link":"http:\/\/svk78.de\/?page_id=861","title":{"rendered":"Darten"},"content":{"rendered":"<h6 style=\"text-align: left;\"><a href=\"https:\/\/i0.wp.com\/svk78.de\/wp-content\/uploads\/2024\/10\/f7020661-a40f-4d83-aecc-f0bbe0ebff97.jpg\"><img data-recalc-dims=\"1\" loading=\"lazy\" decoding=\"async\" data-attachment-id=\"1606\" data-permalink=\"http:\/\/svk78.de\/?attachment_id=1606\" data-orig-file=\"https:\/\/i0.wp.com\/svk78.de\/wp-content\/uploads\/2024\/10\/f7020661-a40f-4d83-aecc-f0bbe0ebff97.jpg?fit=1600%2C900\" data-orig-size=\"1600,900\" data-comments-opened=\"0\" data-image-meta=\"{&quot;aperture&quot;:&quot;0&quot;,&quot;credit&quot;:&quot;&quot;,&quot;camera&quot;:&quot;&quot;,&quot;caption&quot;:&quot;&quot;,&quot;created_timestamp&quot;:&quot;1729324683&quot;,&quot;copyright&quot;:&quot;&quot;,&quot;focal_length&quot;:&quot;0&quot;,&quot;iso&quot;:&quot;0&quot;,&quot;shutter_speed&quot;:&quot;0&quot;,&quot;title&quot;:&quot;&quot;,&quot;orientation&quot;:&quot;1&quot;}\" data-image-title=\"f7020661-a40f-4d83-aecc-f0bbe0ebff97\" data-image-description=\"\" data-image-caption=\"\" data-large-file=\"https:\/\/i0.wp.com\/svk78.de\/wp-content\/uploads\/2024\/10\/f7020661-a40f-4d83-aecc-f0bbe0ebff97.jpg?fit=474%2C267\" class=\"alignleft wp-image-1606 size-large\" src=\"https:\/\/i0.wp.com\/svk78.de\/wp-content\/uploads\/2024\/10\/f7020661-a40f-4d83-aecc-f0bbe0ebff97.jpg?resize=474%2C267\" alt=\"\" width=\"474\" height=\"267\" srcset=\"https:\/\/i0.wp.com\/svk78.de\/wp-content\/uploads\/2024\/10\/f7020661-a40f-4d83-aecc-f0bbe0ebff97.jpg?resize=1024%2C576 1024w, https:\/\/i0.wp.com\/svk78.de\/wp-content\/uploads\/2024\/10\/f7020661-a40f-4d83-aecc-f0bbe0ebff97.jpg?resize=300%2C169 300w, https:\/\/i0.wp.com\/svk78.de\/wp-content\/uploads\/2024\/10\/f7020661-a40f-4d83-aecc-f0bbe0ebff97.jpg?resize=768%2C432 768w, https:\/\/i0.wp.com\/svk78.de\/wp-content\/uploads\/2024\/10\/f7020661-a40f-4d83-aecc-f0bbe0ebff97.jpg?resize=1536%2C864 1536w, https:\/\/i0.wp.com\/svk78.de\/wp-content\/uploads\/2024\/10\/f7020661-a40f-4d83-aecc-f0bbe0ebff97.jpg?w=1600 1600w, https:\/\/i0.wp.com\/svk78.de\/wp-content\/uploads\/2024\/10\/f7020661-a40f-4d83-aecc-f0bbe0ebff97.jpg?w=948 948w, https:\/\/i0.wp.com\/svk78.de\/wp-content\/uploads\/2024\/10\/f7020661-a40f-4d83-aecc-f0bbe0ebff97.jpg?w=1422 1422w\" sizes=\"auto, (max-width: 474px) 100vw, 474px\" \/><\/a>freitags\u00a0 ab 19:30 Uhr<\/h6>\n<p>&nbsp;<\/p>\n<p style=\"text-align: left;\">Hallo Dartfreunde,<\/p>\n<p>wir treffen uns jeden Freitag ab 19.30 Uhr in der Moorhalle zu einer gem\u00fctlichen Dartrunde.<\/p>\n<p>Unser Equipment besteht aus 5 hochwertigen Steel Dart Scheiben inkl. Zubeh\u00f6r. Wir z\u00e4hlen mit einer Dart App, um uns mehr auf das Spielen, als auf das Z\u00e4hlen konzentrieren zu k\u00f6nnen.<\/p>\n<p>Um bei uns einzusteigen,\u00a0 muss man kein Profi sein. Wir sind Hobbyspieler, die von Mal zu Mal besser werden.<\/p>\n<p>Kommt einfach vorbei und probiert aus, ob es Euch auch so gut gef\u00e4llt wie uns.<\/p>\n<p>Inzwischen sind wir 16 Dartspieler und nehmen sogar am Ligabetrieb teil.<\/p>\n<p>Mindestalter: 16 Jahre<\/p>\n<h6 style=\"text-align: left;\">Matthias Schuback und die Da<span style=\"font-weight: bold;\">rt Truppe\u00a0<\/span><\/h6>\n<h6><\/h6>\n<p>&nbsp;<\/p>\n<p>&nbsp;<\/p>\n<p>&nbsp;<\/p>\n","protected":false},"excerpt":{"rendered":"<p>freitags\u00a0 ab 19:30 Uhr &nbsp; Hallo Dartfreunde, wir treffen uns jeden Freitag ab 19.30 Uhr in der Moorhalle zu einer gem\u00fctlichen Dartrunde. Unser Equipment besteht aus 5 hochwertigen Steel Dart Scheiben inkl. Zubeh\u00f6r. Wir z\u00e4hlen mit einer Dart App, um uns mehr auf das Spielen, als auf das Z\u00e4hlen konzentrieren zu k\u00f6nnen. Um bei uns &hellip; <a href=\"http:\/\/svk78.de\/?page_id=861\" class=\"more-link\"><span class=\"screen-reader-text\">Darten<\/span> weiterlesen <span class=\"meta-nav\">&rarr;<\/span><\/a><\/p>\n","protected":false},"author":4,"featured_media":0,"parent":23,"menu_order":5,"comment_status":"closed","ping_status":"closed","template":"","meta":{"footnotes":""},"class_list":["post-861","page","type-page","status-publish","hentry"],"jetpack_sharing_enabled":true,"jetpack_shortlink":"https:\/\/wp.me\/P8FIXd-dT","jetpack-related-posts":[],"_links":{"self":[{"href":"http:\/\/svk78.de\/index.php?rest_route=\/wp\/v2\/pages\/861","targetHints":{"allow":["GET"]}}],"collection":[{"href":"http:\/\/svk78.de\/index.php?rest_route=\/wp\/v2\/pages"}],"about":[{"href":"http:\/\/svk78.de\/index.php?rest_route=\/wp\/v2\/types\/page"}],"author":[{"embeddable":true,"href":"http:\/\/svk78.de\/index.php?rest_route=\/wp\/v2\/users\/4"}],"replies":[{"embeddable":true,"href":"http:\/\/svk78.de\/index.php?rest_route=%2Fwp%2Fv2%2Fcomments&post=861"}],"version-history":[{"count":19,"href":"http:\/\/svk78.de\/index.php?rest_route=\/wp\/v2\/pages\/861\/revisions"}],"predecessor-version":[{"id":1020,"href":"http:\/\/svk78.de\/index.php?rest_route=\/wp\/v2\/pages\/861\/revisions\/1020"}],"up":[{"embeddable":true,"href":"http:\/\/svk78.de\/index.php?rest_route=\/wp\/v2\/pages\/23"}],"wp:attachment":[{"href":"http:\/\/svk78.de\/index.php?rest_route=%2Fwp%2Fv2%2Fmedia&parent=861"}],"curies":[{"name":"wp","href":"https:\/\/api.w.org\/{rel}","templated":true}]}}