{"id":778,"date":"2020-09-09T20:21:57","date_gmt":"2020-09-09T18:21:57","guid":{"rendered":"http:\/\/svk78.de\/?page_id=778"},"modified":"2026-01-28T20:16:18","modified_gmt":"2026-01-28T19:16:18","slug":"eltern-kind-turnen","status":"publish","type":"page","link":"http:\/\/svk78.de\/?page_id=778","title":{"rendered":"Kids am Donnerstag"},"content":{"rendered":"<h5><span style=\"font-size: 26px;\">Eltern-Kind-Turnen<\/span><\/h5>\n<p><strong>Donnerstag 15:00 Uhr &#8211; 16:00 Uhr<\/strong><\/p>\n<p>Hier kommen unsere J\u00fcngsten in den Genuss sich gemeinsam mit einem vertrauten (Gro\u00df-) Elternteil in Bewegung, Gleichgewicht und Mut zu \u00fcben. Alle machen,\u00a0 zur Freude ihrer Kinder mit.<\/p>\n<p>F\u00fcr Kinder ab 1 Jahr, Begleitung ohne Altersbegrenzung.<\/p>\n<h1>Kiddies- Turnen<\/h1>\n<p><strong>Donnerstag, 16:00 Uhr &#8211; 17:00 Uhr<\/strong><\/p>\n<p>F\u00fcr Kinder von 3-6 Jahren ohne Begleitung.\u00a0 Wir bauen gemeinsam die unterschiedlichsten Turnger\u00e4te auf und haben 1 Stunde zusammen Spa\u00df an Bewegung.<\/p>\n<h1>Spiel, Sport und Spa\u00df<\/h1>\n<p><strong>Donnerstag 17:00 Uhr &#8211; 18:00 Uhr<\/strong><\/p>\n<p>Gemeinsame Spiele, Parcours, Turn\u00fcbungen und vieles mehr.<br \/>\nDie Freude an Bewegung,\u00a0 Beweglichkeit,\u00a0 Ausdauer,\u00a0 eigene Grenzen feststellen und \u00fcberwinden,\u00a0 Spa\u00df an der Gemeinschaft,\u00a0 der Lebensfreude Ausdruck verleihen stehen hier im Vordergrund.<\/p>\n<p>F\u00fcr Kinder von 6-12 Jahren.<\/p>\n<h5><strong>Es freuen sich Ronja &amp; Jasmin auf Euch.<\/strong><\/h5>\n<p>&nbsp;<\/p>\n<p>&nbsp;<\/p>\n","protected":false},"excerpt":{"rendered":"<p>Eltern-Kind-Turnen Donnerstag 15:00 Uhr &#8211; 16:00 Uhr Hier kommen unsere J\u00fcngsten in den Genuss sich gemeinsam mit einem vertrauten (Gro\u00df-) Elternteil in Bewegung, Gleichgewicht und Mut zu \u00fcben. Alle machen,\u00a0 zur Freude ihrer Kinder mit. F\u00fcr Kinder ab 1 Jahr, Begleitung ohne Altersbegrenzung. Kiddies- Turnen Donnerstag, 16:00 Uhr &#8211; 17:00 Uhr F\u00fcr Kinder von 3-6 &hellip; <a href=\"http:\/\/svk78.de\/?page_id=778\" class=\"more-link\"><span class=\"screen-reader-text\">Kids am Donnerstag<\/span> weiterlesen <span class=\"meta-nav\">&rarr;<\/span><\/a><\/p>\n","protected":false},"author":4,"featured_media":0,"parent":23,"menu_order":8,"comment_status":"closed","ping_status":"closed","template":"","meta":{"footnotes":""},"class_list":["post-778","page","type-page","status-publish","hentry"],"jetpack_sharing_enabled":true,"jetpack_shortlink":"https:\/\/wp.me\/P8FIXd-cy","jetpack-related-posts":[],"_links":{"self":[{"href":"http:\/\/svk78.de\/index.php?rest_route=\/wp\/v2\/pages\/778","targetHints":{"allow":["GET"]}}],"collection":[{"href":"http:\/\/svk78.de\/index.php?rest_route=\/wp\/v2\/pages"}],"about":[{"href":"http:\/\/svk78.de\/index.php?rest_route=\/wp\/v2\/types\/page"}],"author":[{"embeddable":true,"href":"http:\/\/svk78.de\/index.php?rest_route=\/wp\/v2\/users\/4"}],"replies":[{"embeddable":true,"href":"http:\/\/svk78.de\/index.php?rest_route=%2Fwp%2Fv2%2Fcomments&post=778"}],"version-history":[{"count":24,"href":"http:\/\/svk78.de\/index.php?rest_route=\/wp\/v2\/pages\/778\/revisions"}],"predecessor-version":[{"id":949,"href":"http:\/\/svk78.de\/index.php?rest_route=\/wp\/v2\/pages\/778\/revisions\/949"}],"up":[{"embeddable":true,"href":"http:\/\/svk78.de\/index.php?rest_route=\/wp\/v2\/pages\/23"}],"wp:attachment":[{"href":"http:\/\/svk78.de\/index.php?rest_route=%2Fwp%2Fv2%2Fmedia&parent=778"}],"curies":[{"name":"wp","href":"https:\/\/api.w.org\/{rel}","templated":true}]}}