{"id":766,"date":"2020-11-22T14:43:09","date_gmt":"2020-11-22T13:43:09","guid":{"rendered":"http:\/\/svk78.de\/?page_id=766"},"modified":"2024-04-06T19:58:53","modified_gmt":"2024-04-06T17:58:53","slug":"hatha-yoga","status":"publish","type":"page","link":"http:\/\/svk78.de\/?page_id=766","title":{"rendered":"Erwachsenen Yoga"},"content":{"rendered":"<h6>mittwochs 18:15 Uhr &#8211; 19:45 Uhr<\/h6>\n<p>&nbsp;<\/p>\n<p>Kr\u00e4ftigung\u00a0 und Dehnung f\u00fcr den K\u00f6rper und\u00a0 Entspannung gleicherma\u00dfen.<\/p>\n<p>Auch der Geist darf zur Ruhe kommen und somit wird Stress abgebaut.<\/p>\n<p>F\u00fcr diesen Kurs sind keinerlei Vorkenntnisse erforderlich. Jeder, der seinem K\u00f6rper etwas Gutes tun m\u00f6chte und Spa\u00df an Bewegung hat, ist herzlich willkommen.<\/p>\n<p><strong>Kursleiter: Julian Gauda<\/strong><\/p>\n<p>&nbsp;<\/p>\n","protected":false},"excerpt":{"rendered":"<p>mittwochs 18:15 Uhr &#8211; 19:45 Uhr &nbsp; Kr\u00e4ftigung\u00a0 und Dehnung f\u00fcr den K\u00f6rper und\u00a0 Entspannung gleicherma\u00dfen. Auch der Geist darf zur Ruhe kommen und somit wird Stress abgebaut. F\u00fcr diesen Kurs sind keinerlei Vorkenntnisse erforderlich. Jeder, der seinem K\u00f6rper etwas Gutes tun m\u00f6chte und Spa\u00df an Bewegung hat, ist herzlich willkommen. Kursleiter: Julian Gauda &nbsp;<\/p>\n","protected":false},"author":4,"featured_media":0,"parent":23,"menu_order":8,"comment_status":"closed","ping_status":"closed","template":"","meta":{"footnotes":""},"class_list":["post-766","page","type-page","status-publish","hentry"],"jetpack_sharing_enabled":true,"jetpack_shortlink":"https:\/\/wp.me\/P8FIXd-cm","jetpack-related-posts":[],"_links":{"self":[{"href":"http:\/\/svk78.de\/index.php?rest_route=\/wp\/v2\/pages\/766","targetHints":{"allow":["GET"]}}],"collection":[{"href":"http:\/\/svk78.de\/index.php?rest_route=\/wp\/v2\/pages"}],"about":[{"href":"http:\/\/svk78.de\/index.php?rest_route=\/wp\/v2\/types\/page"}],"author":[{"embeddable":true,"href":"http:\/\/svk78.de\/index.php?rest_route=\/wp\/v2\/users\/4"}],"replies":[{"embeddable":true,"href":"http:\/\/svk78.de\/index.php?rest_route=%2Fwp%2Fv2%2Fcomments&post=766"}],"version-history":[{"count":10,"href":"http:\/\/svk78.de\/index.php?rest_route=\/wp\/v2\/pages\/766\/revisions"}],"predecessor-version":[{"id":1530,"href":"http:\/\/svk78.de\/index.php?rest_route=\/wp\/v2\/pages\/766\/revisions\/1530"}],"up":[{"embeddable":true,"href":"http:\/\/svk78.de\/index.php?rest_route=\/wp\/v2\/pages\/23"}],"wp:attachment":[{"href":"http:\/\/svk78.de\/index.php?rest_route=%2Fwp%2Fv2%2Fmedia&parent=766"}],"curies":[{"name":"wp","href":"https:\/\/api.w.org\/{rel}","templated":true}]}}