{"id":2,"date":"2015-03-29T14:48:24","date_gmt":"2015-03-29T12:48:24","guid":{"rendered":"http:\/\/svk78.de\/?page_id=2"},"modified":"2025-02-24T15:36:22","modified_gmt":"2025-02-24T14:36:22","slug":"beispiel-seite","status":"publish","type":"page","link":"http:\/\/svk78.de\/?page_id=2","title":{"rendered":"\u00dcber uns"},"content":{"rendered":"<p><strong>Sportverein K\u00f6nigsmoor 78 e.V.<\/strong><\/p>\n<p>Im Sommer 1978 wurde der Sportverein K\u00f6nigsmoor 78 e.V. von Willy Kopp, J\u00fcrgen Schneider, Ingbert Fritz, Werner M\u00fcller, Kurt Breit, Alfred Weichler, Helmut St\u00f6ver, Rudolf Kossack und Peter Kressin ins Leben gerufen.<br \/>\nAls Gr\u00fcndungstag steht der 25.07.1978 zu Buche. 60 Mitglieder traten sofort ein. Als Sportarten sollten Tischtennis, Judo, Volleyball, Gymnastik und Schach angeboten werden.<br \/>\nDie Aufnahme im Landes- und Kreissportbund erfolgte am 18.10.1978.<br \/>\nHans-J\u00fcrgen Dahl stellte seine Scheune f\u00fcr den Sport zur Verf\u00fcgung, sp\u00e4ter verlegte sich das Sportgeschehen in den Saal der Moorklause. Nachdem im Mai 1980 die Mehrzweckhalle eingeweiht war, boten sich dem Sportverein nach 2 Jahren Improvisation ideale Sportm\u00f6glichkeiten.<br \/>\nHeute findet das Sportgeschehen in der Moorhalle statt. Das Sportangebot wir stetig erweitert und durch vielf\u00e4ltige\u00a0 Kursangebote unserer \u00dcbungsleiter\u00a0 f\u00fcr Gro\u00df und Klein bereichert.<\/p>\n<p>F\u00fcr Ideen und Vorschl\u00e4ge sind wir immer offen.<\/p>\n","protected":false},"excerpt":{"rendered":"<p>Sportverein K\u00f6nigsmoor 78 e.V. Im Sommer 1978 wurde der Sportverein K\u00f6nigsmoor 78 e.V. von Willy Kopp, J\u00fcrgen Schneider, Ingbert Fritz, Werner M\u00fcller, Kurt Breit, Alfred Weichler, Helmut St\u00f6ver, Rudolf Kossack und Peter Kressin ins Leben gerufen. Als Gr\u00fcndungstag steht der 25.07.1978 zu Buche. 60 Mitglieder traten sofort ein. Als Sportarten sollten Tischtennis, Judo, Volleyball, Gymnastik &hellip; <a href=\"http:\/\/svk78.de\/?page_id=2\" class=\"more-link\"><span class=\"screen-reader-text\">\u00dcber uns<\/span> weiterlesen <span class=\"meta-nav\">&rarr;<\/span><\/a><\/p>\n","protected":false},"author":2,"featured_media":0,"parent":0,"menu_order":0,"comment_status":"closed","ping_status":"closed","template":"","meta":{"footnotes":""},"class_list":["post-2","page","type-page","status-publish","hentry"],"jetpack_sharing_enabled":true,"jetpack_shortlink":"https:\/\/wp.me\/P8FIXd-2","jetpack-related-posts":[],"_links":{"self":[{"href":"http:\/\/svk78.de\/index.php?rest_route=\/wp\/v2\/pages\/2","targetHints":{"allow":["GET"]}}],"collection":[{"href":"http:\/\/svk78.de\/index.php?rest_route=\/wp\/v2\/pages"}],"about":[{"href":"http:\/\/svk78.de\/index.php?rest_route=\/wp\/v2\/types\/page"}],"author":[{"embeddable":true,"href":"http:\/\/svk78.de\/index.php?rest_route=\/wp\/v2\/users\/2"}],"replies":[{"embeddable":true,"href":"http:\/\/svk78.de\/index.php?rest_route=%2Fwp%2Fv2%2Fcomments&post=2"}],"version-history":[{"count":8,"href":"http:\/\/svk78.de\/index.php?rest_route=\/wp\/v2\/pages\/2\/revisions"}],"predecessor-version":[{"id":1661,"href":"http:\/\/svk78.de\/index.php?rest_route=\/wp\/v2\/pages\/2\/revisions\/1661"}],"wp:attachment":[{"href":"http:\/\/svk78.de\/index.php?rest_route=%2Fwp%2Fv2%2Fmedia&parent=2"}],"curies":[{"name":"wp","href":"https:\/\/api.w.org\/{rel}","templated":true}]}}