{"id":164,"date":"2015-08-24T14:37:51","date_gmt":"2015-08-24T12:37:51","guid":{"rendered":"http:\/\/svk78.de\/?page_id=164"},"modified":"2026-01-28T21:05:01","modified_gmt":"2026-01-28T20:05:01","slug":"aktuelles-2","status":"publish","type":"page","link":"http:\/\/svk78.de\/?page_id=164","title":{"rendered":"Jahresr\u00fcckblick_ Highlights aus dem Vereinsleben"},"content":{"rendered":"<p><span style=\"color: #000000;\"><strong>Hier findet Ihr unsere Jahresr\u00fcckblicke mit allen Aktionen und Veranstaltungen \u00fcber das Jahr.<\/strong><\/span><\/p>\n<p><a href=\"http:\/\/svk78.de\/wp-content\/uploads\/2026\/01\/Jahresrueckblick-2025.pdf\">Jahresr\u00fcckblick 2025<\/a><\/p>\n<p>ARCHIV<\/p>\n<p><a href=\"http:\/\/svk78.de\/wp-content\/uploads\/2026\/01\/Jahresrueckblick-2024.pdf\">Jahresr\u00fcckblick 2024<\/a><\/p>\n<p><a href=\"http:\/\/svk78.de\/wp-content\/uploads\/2024\/01\/Jahresrueckblick-2023.pdf\">Jahresr\u00fcckblick 2023<\/a><\/p>\n<p><a href=\"http:\/\/svk78.de\/wp-content\/uploads\/2023\/02\/Jahresrueckblick-2022.pdf\">Jahresr\u00fcckblick 2022<\/a><\/p>\n<p>&nbsp;<\/p>\n<p>&nbsp;<\/p>\n","protected":false},"excerpt":{"rendered":"<p>Hier findet Ihr unsere Jahresr\u00fcckblicke mit allen Aktionen und Veranstaltungen \u00fcber das Jahr. Jahresr\u00fcckblick 2025 ARCHIV Jahresr\u00fcckblick 2024 Jahresr\u00fcckblick 2023 Jahresr\u00fcckblick 2022 &nbsp; &nbsp;<\/p>\n","protected":false},"author":2,"featured_media":0,"parent":2,"menu_order":2,"comment_status":"open","ping_status":"closed","template":"","meta":{"footnotes":""},"class_list":["post-164","page","type-page","status-publish","hentry"],"jetpack_sharing_enabled":true,"jetpack_shortlink":"https:\/\/wp.me\/P8FIXd-2E","jetpack-related-posts":[],"_links":{"self":[{"href":"http:\/\/svk78.de\/index.php?rest_route=\/wp\/v2\/pages\/164","targetHints":{"allow":["GET"]}}],"collection":[{"href":"http:\/\/svk78.de\/index.php?rest_route=\/wp\/v2\/pages"}],"about":[{"href":"http:\/\/svk78.de\/index.php?rest_route=\/wp\/v2\/types\/page"}],"author":[{"embeddable":true,"href":"http:\/\/svk78.de\/index.php?rest_route=\/wp\/v2\/users\/2"}],"replies":[{"embeddable":true,"href":"http:\/\/svk78.de\/index.php?rest_route=%2Fwp%2Fv2%2Fcomments&post=164"}],"version-history":[{"count":60,"href":"http:\/\/svk78.de\/index.php?rest_route=\/wp\/v2\/pages\/164\/revisions"}],"predecessor-version":[{"id":1803,"href":"http:\/\/svk78.de\/index.php?rest_route=\/wp\/v2\/pages\/164\/revisions\/1803"}],"up":[{"embeddable":true,"href":"http:\/\/svk78.de\/index.php?rest_route=\/wp\/v2\/pages\/2"}],"wp:attachment":[{"href":"http:\/\/svk78.de\/index.php?rest_route=%2Fwp%2Fv2%2Fmedia&parent=164"}],"curies":[{"name":"wp","href":"https:\/\/api.w.org\/{rel}","templated":true}]}}