{"id":158,"date":"2015-08-24T13:28:09","date_gmt":"2015-08-24T12:28:09","guid":{"rendered":"http:\/\/svk78.de\/?page_id=158"},"modified":"2023-02-22T08:55:36","modified_gmt":"2023-02-22T07:55:36","slug":"bosseln","status":"publish","type":"page","link":"http:\/\/svk78.de\/?page_id=158","title":{"rendered":"Bo\u00dfeln"},"content":{"rendered":"<p><strong>Jeden letzten Sonntag im\u00a0 Monat_Treffpunkt vor der Moorhalle\u00a0 \u00a0 \u00a0 \u00a0 \u00a0April- Oktober 14:00- 18:00 Uhr\u00a0 \u00a0 \u00a0 \u00a0 \u00a0 \u00a0 \u00a0 \u00a0 \u00a0 \u00a0 \u00a0 \u00a0 \u00a0 \u00a0 \u00a0 \u00a0 \u00a0 \u00a0 \u00a0 \u00a0 \u00a0 \u00a0 \u00a0 \u00a0 \u00a0 \u00a0 \u00a0 \u00a0 \u00a0 \u00a0 \u00a0 \u00a0 \u00a0 \u00a0 \u00a0 \u00a0 November- M\u00e4rz ab 13:00 Uhr<\/strong><\/p>\n<p>Du wolltest immer schon wissen was oder wie geht &#8222;Bo\u00dfeln&#8220;\u00a0 und m\u00f6chtest eine fr\u00f6hliche Gruppe kennen lernen?<\/p>\n<div><strong>SCHAU EINFACH VORBEI und MACH MIT.<\/strong><\/div>\n<div><\/div>\n<div>WAS BRAUCHST DU?<\/div>\n<div>!!!!!!!!!!!!!!!!!!!!!!!!!!!!!!!!!!!!<\/div>\n<div>Ca. 4 Stunden Zeit und wetterfeste Kleidung.<\/div>\n<div><\/div>\n<div>Du musst Spa\u00df am Spazierengehen haben. Kannst nebenbei nette Gespr\u00e4che f\u00fchren und kannst neues aus K\u00f6nigsmoor und Umgebung erfahren.<\/div>\n<div>Die Frage- wo bleibe ich mit meinen Kindern, stellt sich dir nicht:\u00a0 die<br \/>\nbringst du einfach mit.<\/div>\n<div>Gr\u00f6\u00dfere spielen mit wenn sie m\u00f6chten. Kleinere kommen in den Wagen und werden ganz nebenbei bespa\u00dft.<\/div>\n<h6><strong>Wir freuen uns auf euch. <\/strong><\/h6>\n<p>&nbsp;<\/p>\n","protected":false},"excerpt":{"rendered":"<p>Jeden letzten Sonntag im\u00a0 Monat_Treffpunkt vor der Moorhalle\u00a0 \u00a0 \u00a0 \u00a0 \u00a0April- Oktober 14:00- 18:00 Uhr\u00a0 \u00a0 \u00a0 \u00a0 \u00a0 \u00a0 \u00a0 \u00a0 \u00a0 \u00a0 \u00a0 \u00a0 \u00a0 \u00a0 \u00a0 \u00a0 \u00a0 \u00a0 \u00a0 \u00a0 \u00a0 \u00a0 \u00a0 \u00a0 \u00a0 \u00a0 \u00a0 \u00a0 \u00a0 \u00a0 \u00a0 \u00a0 \u00a0 \u00a0 \u00a0 \u00a0 November- M\u00e4rz ab 13:00 &hellip; <a href=\"http:\/\/svk78.de\/?page_id=158\" class=\"more-link\"><span class=\"screen-reader-text\">Bo\u00dfeln<\/span> weiterlesen <span class=\"meta-nav\">&rarr;<\/span><\/a><\/p>\n","protected":false},"author":2,"featured_media":0,"parent":23,"menu_order":11,"comment_status":"open","ping_status":"open","template":"","meta":{"footnotes":""},"class_list":["post-158","page","type-page","status-publish","hentry"],"jetpack_sharing_enabled":true,"jetpack_shortlink":"https:\/\/wp.me\/P8FIXd-2y","jetpack-related-posts":[],"_links":{"self":[{"href":"http:\/\/svk78.de\/index.php?rest_route=\/wp\/v2\/pages\/158","targetHints":{"allow":["GET"]}}],"collection":[{"href":"http:\/\/svk78.de\/index.php?rest_route=\/wp\/v2\/pages"}],"about":[{"href":"http:\/\/svk78.de\/index.php?rest_route=\/wp\/v2\/types\/page"}],"author":[{"embeddable":true,"href":"http:\/\/svk78.de\/index.php?rest_route=\/wp\/v2\/users\/2"}],"replies":[{"embeddable":true,"href":"http:\/\/svk78.de\/index.php?rest_route=%2Fwp%2Fv2%2Fcomments&post=158"}],"version-history":[{"count":11,"href":"http:\/\/svk78.de\/index.php?rest_route=\/wp\/v2\/pages\/158\/revisions"}],"predecessor-version":[{"id":1270,"href":"http:\/\/svk78.de\/index.php?rest_route=\/wp\/v2\/pages\/158\/revisions\/1270"}],"up":[{"embeddable":true,"href":"http:\/\/svk78.de\/index.php?rest_route=\/wp\/v2\/pages\/23"}],"wp:attachment":[{"href":"http:\/\/svk78.de\/index.php?rest_route=%2Fwp%2Fv2%2Fmedia&parent=158"}],"curies":[{"name":"wp","href":"https:\/\/api.w.org\/{rel}","templated":true}]}}